{"id":309,"date":"2026-02-04T08:18:06","date_gmt":"2026-02-04T08:18:06","guid":{"rendered":"https:\/\/www.bottletest.com\/?post_type=product&#038;p=309"},"modified":"2026-02-04T08:20:59","modified_gmt":"2026-02-04T08:20:59","slug":"bottle-leak-tester","status":"publish","type":"product","link":"https:\/\/www.bottletest.com\/de\/product\/bottle-leak-tester\/","title":{"rendered":"BLT-03 Flaschen-Dichtheitspr\u00fcfger\u00e4t"},"content":{"rendered":"<p>B<strong>Dichtheitspr\u00fcfger\u00e4t f\u00fcr Kleinteile<\/strong> ist ein wichtiges Instrument zur Qualit\u00e4tskontrolle, mit dem die Dichtigkeit von Flaschen und starren oder halbstarren Beh\u00e4ltern gepr\u00fcft wird. In Branchen wie der Verpackungsindustrie, der Lebensmittel- und Getr\u00e4nkeindustrie, der pharmazeutischen Industrie, der Medizintechnik und der chemischen Industrie k\u00f6nnen selbst mikroskopisch kleine Undichtigkeiten zu Verunreinigungen, verk\u00fcrzter Haltbarkeit oder zur Nichteinhaltung von Vorschriften f\u00fchren. Aus diesem Grund ist die Dichtheitspr\u00fcfung zu einem wesentlichen Bestandteil sowohl der F&amp;E-Validierung als auch der routinem\u00e4\u00dfigen Produktionskontrolle geworden.<\/p>\n\n\n\n<p>Cell Instruments Co. Ltd. entwickelt und fertigt professionelle Dichtigkeitspr\u00fcfsysteme f\u00fcr Flaschen, die Folgendes kombinieren <strong>klare visuelle Ergebnisse, stabile Vakuumkontrolle und flexible Testkonfigurationen<\/strong>, und hilft Qualit\u00e4tsfachleuten, sichere Entscheidungen auf der Grundlage zuverl\u00e4ssiger Daten zu treffen.<\/p>\n\n\n\n<h2 class=\"wp-block-heading\">Verfahren zur Dichtheitspr\u00fcfung von Flaschen (Vakuumblasen-Emissionsmethode)<\/h2>\n\n\n\n<p>Die <strong>Dichtheitspr\u00fcfverfahren f\u00fcr Flaschen<\/strong> folgt in der Regel dem Prinzip der Vakuumblasenemission, auf das auch in <em><a href=\"https:\/\/store.astm.org\/d3078-02r21e01.html?_gl=1*1s85z2n*_gcl_aw*R0NMLjE3Njg3ODk3MzcuQ2owS0NRaUFwckxMQmhDTUFSSXNBRURoZFBmZnpaMHVBMGMtdjB4RWdqR0hGSWVCaVZjeTJBM3RfRHV0ajduOVh3QlJuQUVlbGdZOU00TWFBcWlSRUFMd193Y0I.*_gcl_au*MTkwOTY2MzAwNC4xNzY1Nzc5ODUz\" target=\"_blank\" rel=\"noreferrer noopener nofollow\">ASTM D3078<\/a> - Standardpr\u00fcfverfahren zur Bestimmung von Undichtigkeiten in Versandst\u00fccken durch Blasenemission<\/em>.<\/p>\n\n\n\n<p>Bei dieser Methode wird die Flasche in eine transparente, mit Wasser gef\u00fcllte Kammer gestellt. Es wird ein kontrolliertes Vakuum angelegt, wodurch ein Druckunterschied zwischen der Innen- und der Au\u00dfenseite der Flasche entsteht. Wenn ein Leck vorhanden ist, entweicht die eingeschlossene Luft aus dem Defekt und erscheint als <strong>ein kontinuierlicher Strom von Blasen<\/strong>, und erm\u00f6glicht es dem Bedienpersonal, Leckagen visuell zu lokalisieren und zu best\u00e4tigen.<\/p>\n\n\n\n<p>Dieses Verfahren bietet eine hohe Empfindlichkeit, eine intuitive Interpretation und eignet sich sowohl f\u00fcr Labor- als auch f\u00fcr Produktionsumgebungen.<\/p>\n\n\n\n<h2 class=\"wp-block-heading\">Verfahren zur Dichtheitspr\u00fcfung von Kunststoffflaschen und Kunststoffbeh\u00e4ltern<\/h2>\n\n\n\n<p>Die <strong>Dichtheitspr\u00fcfverfahren f\u00fcr Kunststoffflaschen<\/strong> konzentriert sich auf die Identifizierung von Defekten, die durch Unregelm\u00e4\u00dfigkeiten in der Formgebung, Spannungsrisse oder falsche Verschlussdichtungen verursacht werden. Kunststoffbeh\u00e4lter k\u00f6nnen sich unter Vakuum leicht verformen, daher ist eine stabile und wiederholbare Druckkontrolle unerl\u00e4sslich.<\/p>\n\n\n\n<p>A <strong>Dichtheitspr\u00fcfung f\u00fcr Kunststoffbeh\u00e4lter<\/strong> mit einem Flaschen-Dichtheitspr\u00fcfger\u00e4t konfiguriert werden kann:<\/p>\n\n\n\n<ul class=\"wp-block-list\">\n<li><strong>Zerst\u00f6rungsfreie Pr\u00fcfung<\/strong>, wo die Verformung innerhalb der elastischen Grenzen bleibt<\/li>\n\n\n\n<li><strong>Zerst\u00f6rende Pr\u00fcfung<\/strong>, bei denen h\u00f6here Vakuumniveaus den Beh\u00e4lter absichtlich belasten<\/li>\n<\/ul>\n\n\n\n<p>Diese Flexibilit\u00e4t erm\u00f6glicht es Ingenieuren, reale Bedingungen zu simulieren und sichere Leistungsgrenzen zu definieren.<\/p>\n\n\n\n<h2 class=\"wp-block-heading\">Dichtheitspr\u00fcfung von Fl\u00fcssigkeitsflaschen mit einer leeren Kammer<\/h2>\n\n\n\n<p>F\u00fcr fl\u00fcssigkeitsgef\u00fcllte Verpackungen ist eine Alternative <strong>Dichtheitspr\u00fcfverfahren f\u00fcr Fl\u00fcssigkeitsflaschen<\/strong> verwendet eine leere Vakuumkammer ohne Wasser. W\u00e4hrend der Pr\u00fcfung wird ein Vakuum direkt an die \u00e4u\u00dfere Umgebung angelegt. Tritt ein Leck auf, entweicht Fl\u00fcssigkeit aus der Verpackung und wird sofort sichtbar.<\/p>\n\n\n\n<p>Diese Methode vermeidet eine Verd\u00fcnnung oder Verunreinigung des Pr\u00fcfmediums und eignet sich gut f\u00fcr Getr\u00e4nke, pharmazeutische Fl\u00fcssigkeiten, Infusionsl\u00f6sungen und andere gef\u00fcllte Beh\u00e4lter, bei denen eine Blasenbeobachtung in Wasser nicht m\u00f6glich ist.<\/p>\n\n\n\n<h2 class=\"wp-block-heading\">Vakuum-Dichtheitspr\u00fcfung f\u00fcr Flaschen: Farbstoffeintritt als Verifikationsinstrument<\/h2>\n\n\n\n<p>Zus\u00e4tzlich zur visuellen Blasenpr\u00fcfung erfordern einige Validierungsprotokolle eine <strong>Vakuum-Dichtheitspr\u00fcfung f\u00fcr Flaschen<\/strong> durch Farbstoffeintritt. Bei der Methylenblau-Methode wird unter Vakuumbedingungen eine farbige L\u00f6sung eingebracht. Bei undichten Stellen dringt der Farbstoff in die Verpackung ein und wird nach dem \u00d6ffnen sichtbar.<\/p>\n\n\n\n<p>Obwohl dieser Ansatz destruktiv ist, liefert er eine starke qualitative Best\u00e4tigung und unterst\u00fctzt h\u00e4ufig die Prozessvalidierung oder vergleichende Studien.<\/p>","protected":false},"featured_media":318,"parent":0,"template":"","meta":{"_acf_changed":false},"product-category":[17,13,18,19,20,10],"class_list":["post-309","product","type-product","status-publish","has-post-thumbnail","hentry","product-category-astm-d3078","product-category-astm-d4991","product-category-astm-d5094","product-category-astm-d6653","product-category-astm-f2338","product-category-leak-test"],"acf":[],"_links":{"self":[{"href":"https:\/\/www.bottletest.com\/de\/wp-json\/wp\/v2\/product\/309","targetHints":{"allow":["GET"]}}],"collection":[{"href":"https:\/\/www.bottletest.com\/de\/wp-json\/wp\/v2\/product"}],"about":[{"href":"https:\/\/www.bottletest.com\/de\/wp-json\/wp\/v2\/types\/product"}],"wp:featuredmedia":[{"embeddable":true,"href":"https:\/\/www.bottletest.com\/de\/wp-json\/wp\/v2\/media\/318"}],"wp:attachment":[{"href":"https:\/\/www.bottletest.com\/de\/wp-json\/wp\/v2\/media?parent=309"}],"wp:term":[{"taxonomy":"product-category","embeddable":true,"href":"https:\/\/www.bottletest.com\/de\/wp-json\/wp\/v2\/product-category?post=309"}],"curies":[{"name":"wp","href":"https:\/\/api.w.org\/{rel}","templated":true}]}}