{"id":292,"date":"2026-02-04T07:35:39","date_gmt":"2026-02-04T07:35:39","guid":{"rendered":"https:\/\/www.bottletest.com\/?post_type=product&#038;p=292"},"modified":"2026-02-05T08:13:37","modified_gmt":"2026-02-05T08:13:37","slug":"top-load-tester","status":"publish","type":"product","link":"https:\/\/www.bottletest.com\/de\/product\/top-load-tester\/","title":{"rendered":"TLT-01 Top Load Tester"},"content":{"rendered":"<h2 class=\"wp-block-heading\">Vertikaler Belastungstest f\u00fcr Flaschen: Zweck und praktische Bedeutung<\/h2>\n\n\n\n<p>Die <strong>Vertikaler Belastungstest f\u00fcr Flaschen<\/strong> konzentriert sich darauf, wie sich ein Container verh\u00e4lt, wenn eine Druckkraft entlang seiner Mittelachse ausge\u00fcbt wird. Diese Belastungsbedingung simuliert reale Beanspruchungen wie das Stapeln von Paletten, die Lagerung im Lager und den Druck von oben w\u00e4hrend des Transports.<\/p>\n\n\n\n<p>Zu den wichtigsten Leistungsindikatoren, die von einem Top-Load-Tester ermittelt werden, geh\u00f6ren:<\/p>\n\n\n\n<ul class=\"wp-block-list\">\n<li><strong>Maximale vertikale Tragf\u00e4higkeit<\/strong> vor Verformung oder Versagen<\/li>\n\n\n\n<li><strong>Strecklast<\/strong>, wo die strukturelle Steifigkeit zu sinken beginnt<\/li>\n\n\n\n<li><strong>Verformungsverhalten<\/strong> unter kontrollierter Kompression<\/li>\n\n\n\n<li><strong>Versagensmodus<\/strong>, wie Knicken oder Spr\u00f6dbruch<\/li>\n<\/ul>\n\n\n\n<p>Bei Glasbeh\u00e4ltern steht die Widerstandsf\u00e4higkeit gegen pl\u00f6tzliches Zerbrechen im Mittelpunkt des Tests. Bei Kunststoffflaschen zeigt der Test die Dehnbarkeit, Steifigkeit und Robustheit der Konstruktion.<\/p>\n\n\n\n<h2 class=\"wp-block-heading\">Top Load Test f\u00fcr Flaschen nach ASTM D2659<\/h2>\n\n\n\n<p>Die <strong>Top Load Test f\u00fcr Flaschen<\/strong> aus thermoplastischen Kunststoffen folgt den Grunds\u00e4tzen, die in <strong>ASTM D2659<\/strong>, die sich mit den Stauchungseigenschaften von geblasenen Kunststoffbeh\u00e4ltern befasst.<\/p>\n\n\n\n<p>ASTM D2659 spezifiziert die Pr\u00fcfung unter einer <strong>konstante Druckverformungsgeschwindigkeit<\/strong>, Dadurch wird sichergestellt, dass die Ergebnisse zwischen den Labors vergleichbar bleiben. Die Methode konzentriert sich auf:<\/p>\n\n\n\n<ul class=\"wp-block-list\">\n<li>Strecklast bei Quetschung<\/li>\n\n\n\n<li>Durchbiegung bei Streckung<\/li>\n\n\n\n<li>Quetschlast bei Bruch<\/li>\n\n\n\n<li>Scheinbare Quetschungssteifigkeit<\/li>\n<\/ul>\n\n\n\n<p>Ein konformes Spitzenlastpr\u00fcfger\u00e4t muss eine <strong>stabile und kontrollierbare Pr\u00fcfgeschwindigkeit<\/strong>, in der Regel zwischen 12,5 mm\/min und 50 mm\/min. Die korrekte Ausrichtung und Entl\u00fcftung der Proben spielt eine entscheidende Rolle f\u00fcr die Genauigkeit und Sicherheit der Pr\u00fcfung.<\/p>\n\n\n\n<p>In Anlehnung an ASTM D2659 k\u00f6nnen Verpackungsingenieure die Daten zur H\u00f6chstlast f\u00fcr folgende Zwecke verwenden <strong>Qualit\u00e4tskontrolle, Abnahmepr\u00fcfungen und F&amp;E-Vergleiche<\/strong>, insbesondere bei der Bewertung von Konstruktions\u00e4nderungen oder Materialsubstitutionen.<\/p>\n\n\n\n<h2 class=\"wp-block-heading\">Vertikale Belastungspr\u00fcfung von Flaschen auf der Grundlage von ISO 8113<\/h2>\n\n\n\n<p>F\u00fcr Glasverpackungen, <strong>ISO 8113<\/strong> definiert die standardisierte Methode zur Messung des Widerstands gegen vertikale Belastung. Diese internationale Norm gew\u00e4hrleistet die Einheitlichkeit bei der Bewertung von Flaschen, die in der Getr\u00e4nke-, Lebensmittel- und Pharmaindustrie verwendet werden.<\/p>\n\n\n\n<p>ISO 8113 unterstreicht dies:<\/p>\n\n\n\n<ul class=\"wp-block-list\">\n<li>Temperaturgleichgewicht zwischen Probe und Umgebung<\/li>\n\n\n\n<li>Genaue axiale Ausrichtung des Beh\u00e4lters<\/li>\n\n\n\n<li>Verwendung von Schutzpolstern oder Verschl\u00fcssen zur Simulation von realen Versiegelungsbedingungen<\/li>\n\n\n\n<li>Kontrollierte Krafteinleitung bis zu einer bestimmten Belastung oder einem Bruch<\/li>\n<\/ul>\n\n\n\n<p>Ein professioneller Top-Load-Tester, der f\u00fcr ISO 8113 entwickelt wurde, unterst\u00fctzt sowohl <strong>Tests bestehen<\/strong> (Laden auf einen vordefinierten Wert) und <strong>progressive Tests<\/strong> (Belastung bis zum Versagen). Diese Ergebnisse helfen den Herstellern zu best\u00e4tigen, dass die Glasbeh\u00e4lter den internen Spezifikationen und den Kundenanforderungen entsprechen.<\/p>\n\n\n\n<h2 class=\"wp-block-heading\">Wie Top Load Tester funktionieren<\/h2>\n\n\n\n<p>Ein Top-Load-Tester wendet eine <strong>kontrollierte vertikale Druckkraft<\/strong> durch Pr\u00e4zisionsplatten und misst dabei kontinuierlich Kraft und Verschiebung. Das System zeichnet Last-Weg-Kurven in Echtzeit auf, so dass der Benutzer die Reaktion der Struktur w\u00e4hrend der gesamten Pr\u00fcfung beobachten kann.<\/p>\n\n\n\n<p>Moderne Systeme von Cell Instruments integrieren:<\/p>\n\n\n\n<ul class=\"wp-block-list\">\n<li>Hochpr\u00e4zise W\u00e4gezellen<\/li>\n\n\n\n<li>Pr\u00e4zise Verschiebungsmessung<\/li>\n\n\n\n<li>PLC-basierte Steuerung mit intuitivem HMI<\/li>\n\n\n\n<li>Digitale Datenausgabe zur R\u00fcckverfolgbarkeit<\/li>\n<\/ul>\n\n\n\n<p>Diese Konfiguration gew\u00e4hrleistet, dass jeder Top-Load-Test f\u00fcr Flaschen <strong>wiederholbar, r\u00fcckverfolgbar und konform<\/strong> mit ASTM- und ISO-Normen.<\/p>\n\n\n\n<h2 class=\"wp-block-heading\">Warum Top-Lasttests Zuversicht und Vertrauen schaffen<\/h2>\n\n\n\n<p>Zuverl\u00e4ssige Daten zur vertikalen Belastung unterst\u00fctzen bessere Entscheidungen \u00fcber den gesamten Lebenszyklus der Verpackung. Ein validierter Toplasttester hilft dabei:<\/p>\n\n\n\n<ul class=\"wp-block-list\">\n<li>Verhinderung des Zusammenbruchs von Containern w\u00e4hrend der Logistik<\/li>\n\n\n\n<li>Reduzieren Sie den Materialverbrauch, ohne die Sicherheit zu beeintr\u00e4chtigen<\/li>\n\n\n\n<li>Nachweis der Konformit\u00e4t bei Audits und Kundenbewertungen<\/li>\n\n\n\n<li>Verbesserung der Konsistenz \u00fcber alle Produktionschargen hinweg<\/li>\n<\/ul>\n\n\n\n<p>Durch die Angleichung der Testverfahren an <a href=\"https:\/\/store.astm.org\/d2659-16r23.html?_gl=1*a5mpmp*_gcl_aw*R0NMLjE3Njg3ODk3MzcuQ2owS0NRaUFwckxMQmhDTUFSSXNBRURoZFBmZnpaMHVBMGMtdjB4RWdqR0hGSWVCaVZjeTJBM3RfRHV0ajduOVh3QlJuQUVlbGdZOU00TWFBcWlSRUFMd193Y0I.*_gcl_au*MTkwOTY2MzAwNC4xNzY1Nzc5ODUz\" target=\"_blank\" rel=\"noreferrer noopener nofollow\">ASTM D2659<\/a> und <a href=\"https:\/\/www.iso.org\/standard\/35617.html\" target=\"_blank\" rel=\"noreferrer noopener nofollow\">ISO 8113<\/a>, st\u00e4rken die Hersteller beide <strong>technische Glaubw\u00fcrdigkeit und Kundenvertrauen<\/strong>.<\/p>","protected":false},"featured_media":303,"parent":0,"template":"","meta":{"_acf_changed":false},"product-category":[26,27,14],"class_list":["post-292","product","type-product","status-publish","has-post-thumbnail","hentry","product-category-astm-d2659","product-category-iso-8113","product-category-top-load-test"],"acf":[],"_links":{"self":[{"href":"https:\/\/www.bottletest.com\/de\/wp-json\/wp\/v2\/product\/292","targetHints":{"allow":["GET"]}}],"collection":[{"href":"https:\/\/www.bottletest.com\/de\/wp-json\/wp\/v2\/product"}],"about":[{"href":"https:\/\/www.bottletest.com\/de\/wp-json\/wp\/v2\/types\/product"}],"wp:featuredmedia":[{"embeddable":true,"href":"https:\/\/www.bottletest.com\/de\/wp-json\/wp\/v2\/media\/303"}],"wp:attachment":[{"href":"https:\/\/www.bottletest.com\/de\/wp-json\/wp\/v2\/media?parent=292"}],"wp:term":[{"taxonomy":"product-category","embeddable":true,"href":"https:\/\/www.bottletest.com\/de\/wp-json\/wp\/v2\/product-category?post=292"}],"curies":[{"name":"wp","href":"https:\/\/api.w.org\/{rel}","templated":true}]}}