{"id":418,"date":"2026-02-05T08:23:26","date_gmt":"2026-02-05T08:23:26","guid":{"rendered":"https:\/\/www.bottletest.com\/?post_type=product&#038;p=418"},"modified":"2026-02-05T08:26:32","modified_gmt":"2026-02-05T08:26:32","slug":"automatic-torque-tester","status":"publish","type":"product","link":"https:\/\/www.bottletest.com\/cs\/product\/automatic-torque-tester\/","title":{"rendered":"MCT-01 Automatick\u00e1 zkou\u0161e\u010dka kroutic\u00edho momentu"},"content":{"rendered":"<p><strong>Automatick\u00e1 zkou\u0161e\u010dka kroutic\u00edho momentu<\/strong> je d\u016fle\u017eit\u00fd p\u0159\u00edstroj pro kontrolu kvality, kter\u00fd se pou\u017e\u00edv\u00e1 k m\u011b\u0159en\u00ed aplika\u010dn\u00edho momentu a momentu otev\u0159en\u00ed z\u00e1vitov\u00fdch uz\u00e1v\u011br\u016f lahv\u00ed a n\u00e1dob. V obalov\u00e9m pr\u016fmyslu, jako je potravin\u00e1\u0159sk\u00fd, farmaceutick\u00fd, l\u00e9ka\u0159sk\u00fd a chemick\u00fd pr\u016fmysl, m\u00e1 konzistence kroutic\u00edho momentu p\u0159\u00edm\u00fd vliv na kvalitu balen\u00ed. <strong>integrita pe\u010det\u00ed, pou\u017eitelnost pro spot\u0159ebitele a soulad s p\u0159edpisy.<\/strong>. Nedostate\u010dn\u00fd kroutic\u00ed moment m\u016f\u017ee zp\u016fsobit net\u011bsnost nebo ztr\u00e1tu v\u00fdkonu bari\u00e9ry, zat\u00edmco nadm\u011brn\u00fd kroutic\u00ed moment m\u016f\u017ee v\u00e9st k deformaci uz\u00e1v\u011bru nebo \u0161patn\u00e9mu u\u017eivatelsk\u00e9mu z\u00e1\u017eitku.<\/p>\n\n\n\n<h2 class=\"wp-block-heading\">Tester kroutic\u00edho momentu pro uz\u00e1v\u011bry lahv\u00ed a otev\u00edrac\u00ed moment &amp; ASTM D7860<\/h2>\n\n\n\n<p><strong>Zkou\u0161e\u010dka kroutic\u00edho momentu pro uz\u00e1v\u011bry lahv\u00ed<\/strong> vyhodnocuje dva kl\u00ed\u010dov\u00e9 parametry: aplika\u010dn\u00ed moment a <strong>otev\u00edrac\u00ed moment<\/strong>, \u010dasto ozna\u010dovan\u00fd jako moment pro odstran\u011bn\u00ed. Tyto hodnoty ur\u010duj\u00ed, jak pevn\u011b byl uz\u00e1v\u011br p\u0159ilo\u017een a jakou s\u00edlu mus\u00ed u\u017eivatel vyvinout, aby obal otev\u0159el. Norma ASTM D7860 poskytuje standardizovan\u00fd r\u00e1mec pro m\u011b\u0159en\u00ed kroutic\u00edho momentu u uz\u00e1v\u011br\u016f s kontinu\u00e1ln\u00edm z\u00e1vitem pomoc\u00ed automatizovan\u00e9ho za\u0159\u00edzen\u00ed pro testov\u00e1n\u00ed kroutic\u00edho momentu, co\u017e z n\u00ed \u010din\u00ed z\u00e1kladn\u00ed referen\u010dn\u00ed normu pro laborato\u0159e po cel\u00e9m sv\u011bt\u011b.<\/p>\n\n\n\n<p>Norma ASTM D7860 definuje d\u016fle\u017eit\u00e9 pojmy, jako nap\u0159. <strong>such\u00fd to\u010div\u00fd moment<\/strong>, <strong>okam\u017eit\u00fd moment pro odstran\u011bn\u00ed<\/strong>, a <strong>udr\u017een\u00ed kroutic\u00edho momentu<\/strong>, \u010d\u00edm\u017e se zajist\u00ed, \u017ee v\u00fdsledky z\u016fstanou srovnateln\u00e9 u r\u016fzn\u00fdch materi\u00e1l\u016f, konstrukc\u00ed uz\u00e1v\u011br\u016f a podm\u00ednek skladov\u00e1n\u00ed. Dodr\u017eov\u00e1n\u00edm t\u00e9to normy m\u016f\u017ee automatick\u00fd tester kroutic\u00edho momentu poskytovat v\u00fdsledky, kter\u00e9 podporuj\u00ed v\u00fdvoj balen\u00ed, technickou validaci a b\u011b\u017enou kontrolu kvality.<\/p>\n\n\n\n<h2 class=\"wp-block-heading\">Jak funguje automatick\u00e1 zkou\u0161e\u010dka kroutic\u00edho momentu<\/h2>\n\n\n\n<p>Automatick\u00e1 zkou\u0161e\u010dka kroutic\u00edho momentu pracuje pomoc\u00ed <strong>motorizovan\u00fd rota\u010dn\u00ed syst\u00e9m<\/strong> v kombinaci s p\u0159esn\u00fdm sn\u00edma\u010dem kroutic\u00edho momentu. L\u00e1hev a uz\u00e1v\u011br jsou upevn\u011bny soust\u0159edn\u011b, aby se zabr\u00e1nilo excentrick\u00e9mu zat\u00ed\u017een\u00ed, co\u017e zaji\u0161\u0165uje opakovateln\u00e1 a p\u0159esn\u00e1 m\u011b\u0159en\u00ed.<\/p>\n\n\n\n<p>B\u011bhem testov\u00e1n\u00ed p\u0159\u00edstroj vykon\u00e1v\u00e1 \u0159\u00edzen\u00fd rota\u010dn\u00ed pohyb s pevn\u011b danou rychlost\u00ed nebo rampou to\u010div\u00e9ho momentu. Sign\u00e1l kroutic\u00edho momentu je zaznamen\u00e1v\u00e1n nep\u0159etr\u017eit\u011b, a <strong>\u0161pi\u010dkov\u00fd otev\u00edrac\u00ed moment<\/strong> se automaticky zaznamen\u00e1. Tento p\u0159\u00edstup v\u011brn\u011b odr\u00e1\u017e\u00ed skute\u010dn\u00e9 podm\u00ednky otev\u0159en\u00ed a z\u00e1rove\u0148 minimalizuje vliv obsluhy.<\/p>\n\n\n\n<p>V porovn\u00e1n\u00ed s manu\u00e1ln\u00edmi p\u0159\u00edstroji nab\u00edz\u00ed automatick\u00e1 zkou\u0161e\u010dka kroutic\u00edho momentu <strong>vy\u0161\u0161\u00ed opakovatelnost, sn\u00ed\u017een\u00ed lidsk\u00e9 chyby a lep\u0161\u00ed soulad s po\u017eadavky normy ASTM D7860.<\/strong>, zejm\u00e9na p\u0159i zkou\u0161k\u00e1ch zachov\u00e1n\u00ed kroutic\u00edho momentu v pr\u016fb\u011bhu \u010dasu nebo po \u00faprav\u011b vlivem prost\u0159ed\u00ed.<\/p>\n\n\n\n<h2 class=\"wp-block-heading\">V\u00fdznam normy ASTM D7860 p\u0159i automatizovan\u00e9m testov\u00e1n\u00ed kroutic\u00edho momentu<\/h2>\n\n\n\n<p>Norma ASTM D7860 zd\u016fraz\u0148uje pou\u017eit\u00ed <strong>automatick\u00e9 m\u011b\u0159i\u010de kroutic\u00edho momentu na b\u00e1zi sn\u00edma\u010d\u016f<\/strong> pracuj\u00edc\u00ed p\u0159i zn\u00e1m\u00fdch rychlostech ot\u00e1\u010den\u00ed. Tento po\u017eadavek existuje, proto\u017ee chov\u00e1n\u00ed to\u010div\u00e9ho momentu se m\u011bn\u00ed v z\u00e1vislosti na ot\u00e1\u010dk\u00e1ch a zku\u0161ebn\u00edch podm\u00ednk\u00e1ch. Automatizovan\u00e9 syst\u00e9my zaji\u0161\u0165uj\u00ed, \u017ee ka\u017ed\u00fd vzorek m\u00e1 stejn\u00e9 parametry zkou\u0161ky, co\u017e v\u00fdrazn\u011b zvy\u0161uje spolehlivost \u00fadaj\u016f.<\/p>\n\n\n\n<p>Norma podporuje jak <strong>statick\u00e9 hodnocen\u00ed<\/strong> a <strong>dynamick\u00e9 hodnocen\u00ed<\/strong>, co\u017e v\u00fdrobc\u016fm umo\u017e\u0148uje posoudit zachov\u00e1n\u00ed kroutic\u00edho momentu po skladov\u00e1n\u00ed nebo simulovan\u00e9 distribuci. U uz\u00e1v\u011br\u016f odoln\u00fdch proti otev\u0159en\u00ed d\u011btmi i bez nich pom\u00e1h\u00e1 norma ASTM D7860 ov\u011b\u0159it, \u017ee kroutic\u00ed moment p\u0159i otev\u00edr\u00e1n\u00ed z\u016fst\u00e1v\u00e1 v bezpe\u010dn\u00e9m a funk\u010dn\u00edm rozmez\u00ed po celou dobu \u017eivotnosti v\u00fdrobku.<\/p>\n\n\n\n<p>Automatick\u00fd tester kroutic\u00edho momentu, kter\u00fd je v souladu s normou ASTM D7860, posiluje p\u0159ipravenost na audit a zvy\u0161uje d\u016fv\u011bru z\u00e1kazn\u00edk\u016f v syst\u00e9my kvality balen\u00ed.<\/p>","protected":false},"featured_media":419,"parent":0,"template":"","meta":{"_acf_changed":false},"product-category":[25,24],"class_list":["post-418","product","type-product","status-publish","has-post-thumbnail","hentry","product-category-astm-d7860","product-category-torque-tester"],"acf":[],"_links":{"self":[{"href":"https:\/\/www.bottletest.com\/cs\/wp-json\/wp\/v2\/product\/418","targetHints":{"allow":["GET"]}}],"collection":[{"href":"https:\/\/www.bottletest.com\/cs\/wp-json\/wp\/v2\/product"}],"about":[{"href":"https:\/\/www.bottletest.com\/cs\/wp-json\/wp\/v2\/types\/product"}],"wp:featuredmedia":[{"embeddable":true,"href":"https:\/\/www.bottletest.com\/cs\/wp-json\/wp\/v2\/media\/419"}],"wp:attachment":[{"href":"https:\/\/www.bottletest.com\/cs\/wp-json\/wp\/v2\/media?parent=418"}],"wp:term":[{"taxonomy":"product-category","embeddable":true,"href":"https:\/\/www.bottletest.com\/cs\/wp-json\/wp\/v2\/product-category?post=418"}],"curies":[{"name":"wp","href":"https:\/\/api.w.org\/{rel}","templated":true}]}}