{"id":411,"date":"2026-02-05T06:24:39","date_gmt":"2026-02-05T06:24:39","guid":{"rendered":"https:\/\/www.bottletest.com\/?post_type=product&#038;p=411"},"modified":"2026-02-05T06:30:41","modified_gmt":"2026-02-05T06:30:41","slug":"carbonation-tester","status":"publish","type":"product","link":"https:\/\/www.bottletest.com\/cs\/product\/carbonation-tester\/","title":{"rendered":"CLRT-01 Tester karbonizace"},"content":{"rendered":"<p><strong>Tester sycen\u00ed oxidem uhli\u010dit\u00fdm<\/strong> je d\u016fle\u017eit\u00fd analytick\u00fd p\u0159\u00edstroj, kter\u00fd se pou\u017e\u00edv\u00e1 k m\u011b\u0159en\u00ed \u00farovn\u011b sycen\u00ed, retence CO\u2082 a objemu plynu v sycen\u00fdch n\u00e1poj\u00edch v uzav\u0159en\u00fdch n\u00e1dob\u00e1ch. Pro v\u00fdrobce n\u00e1poj\u016f, dodavatele obal\u016f a org\u00e1ny kontroly kvality m\u00e1 p\u0159esn\u00e1 kontrola sycen\u00ed p\u0159\u00edm\u00fd vliv na. <strong>chu\u0165, pocit v \u00fastech, trvanlivost a konzistenci zna\u010dky.<\/strong>.<\/p>\n\n\n\n<p>Spole\u010dnost Cell Instruments Co., Ltd. navrhuje a vyr\u00e1b\u00ed pokro\u010dil\u00e9 karboniza\u010dn\u00ed testery, kter\u00e9 umo\u017e\u0148uj\u00ed p\u0159esn\u00e9, opakovateln\u00e9 a standard\u016fm odpov\u00eddaj\u00edc\u00ed hodnocen\u00ed sycen\u00ed PET lahv\u00ed, sklen\u011bn\u00fdch lahv\u00ed, plechovek a p\u0159izp\u016fsoben\u00fdch form\u00e1t\u016f obal\u016f. Kombinac\u00ed automatizace, vysoce p\u0159esn\u00e9ho sn\u00edm\u00e1n\u00ed a standardizovan\u00e9 testovac\u00ed logiky pom\u00e1haj\u00ed na\u0161e syst\u00e9my u\u017eivatel\u016fm omezit lidsk\u00e9 chyby a z\u00e1rove\u0148 zvy\u0161uj\u00ed spolehlivost \u00fadaj\u016f a d\u016fv\u011bru z\u00e1kazn\u00edk\u016f.<\/p>\n\n\n\n<h2 class=\"wp-block-heading\">Zkou\u0161ka objemu plynu podle normy ASTM F1115<\/h2>\n\n\n\n<p>Na str\u00e1nk\u00e1ch <strong>zkou\u0161ka objemu plynu<\/strong> definovan\u00e9 v <strong>ASTM F1115<\/strong> poskytuje standardizovan\u00fd p\u0159\u00edstup pro stanoven\u00ed ztr\u00e1ty oxidu uhli\u010dit\u00e9ho a udr\u017een\u00ed sycen\u00ed v n\u00e1pojov\u00fdch n\u00e1dob\u00e1ch. Tato zku\u0161ebn\u00ed metoda hodnot\u00ed, jak dob\u0159e si obal udr\u017euje po\u010d\u00e1te\u010dn\u00ed \u00farove\u0148 sycen\u00ed v pr\u016fb\u011bhu \u010dasu za kontrolovan\u00fdch podm\u00ednek.<\/p>\n\n\n\n<p>Norma ASTM F1115 uv\u00e1d\u00ed dva dopl\u0148uj\u00edc\u00ed se postupy:<\/p>\n\n\n\n<ul class=\"wp-block-list\">\n<li><strong>Postup A<\/strong> se zam\u011b\u0159uje na v\u00fdvoj obal\u016f a v\u00fdzkum trvanlivosti. Je zalo\u017een na citliv\u00e9m m\u011b\u0159en\u00ed tlaku a teploty v uzav\u0159en\u00e9m syst\u00e9mu a vy\u017eaduje analytick\u00e9 znalosti na \u00farovni laborato\u0159e. Tento p\u0159\u00edstup pom\u00e1h\u00e1 in\u017een\u00fdr\u016fm hodnotit struktur\u00e1ln\u00ed v\u00fdkonnost, integritu uz\u00e1v\u011bru a dlouhodob\u00e9 vlastnosti uchov\u00e1v\u00e1n\u00ed CO\u2082 u nov\u00fdch konstrukc\u00ed obal\u016f.<\/li>\n\n\n\n<li><strong>Postup B<\/strong> slou\u017e\u00ed jako praktick\u00e1 metoda kontroly kvality p\u0159i pln\u011bn\u00ed n\u00e1poj\u016f. Klade d\u016fraz na jednoduchost obsluhy p\u0159i zachov\u00e1n\u00ed spolehliv\u00e9 p\u0159esnosti. Automatick\u00e9 nebo manu\u00e1ln\u00ed karboniza\u010dn\u00ed testery m\u011b\u0159\u00ed vnit\u0159n\u00ed tlak a teplotu po \u0159\u00edzen\u00e9m m\u00edch\u00e1n\u00ed a pot\u00e9 vypo\u010d\u00edtaj\u00ed \u00farove\u0148 sycen\u00ed pomoc\u00ed zaveden\u00fdch karboniza\u010dn\u00edch tabulek. D\u00edky sv\u00e9 \u00fa\u010dinnosti a opakovatelnosti je postup B \u0161iroce pou\u017e\u00edv\u00e1n ve v\u00fdrobn\u00edm prost\u0159ed\u00ed.<\/li>\n<\/ul>\n\n\n\n<p>Modern\u00ed tester sycen\u00ed navr\u017een\u00fd podle normy ASTM F1115 umo\u017e\u0148uje u\u017eivatel\u016fm vypo\u010d\u00edtat ztr\u00e1tu sycen\u00ed, rychlost p\u0159enosu sycen\u00ed a o\u010dek\u00e1vanou trvanlivost sledov\u00e1n\u00edm retence CO\u2082 v pr\u016fb\u011bhu \u010dasu. Tyto v\u00fdsledky p\u0159\u00edmo podporuj\u00ed optimalizaci balen\u00ed a \u0159\u00edzen\u00ed procesu.<\/p>\n\n\n\n<h2 class=\"wp-block-heading\">Jak funguje tester sycen\u00ed<\/h2>\n\n\n\n<p>Tester sycen\u00ed m\u011b\u0159\u00ed sycen\u00ed vytvo\u0159en\u00edm rovnov\u00e1hy mezi rozpu\u0161t\u011bn\u00fdm CO\u2082, vnit\u0159n\u00edm tlakem a teplotou v uzav\u0159en\u00e9 n\u00e1dob\u011b. Typick\u00fd pracovn\u00ed postup zahrnuje:<\/p>\n\n\n\n<ul class=\"wp-block-list\">\n<li><strong>Automatick\u00e9 prop\u00edchnut\u00ed v\u00ed\u010dka<\/strong> p\u0159\u00edstup k vnit\u0159n\u00edmu tlaku bez nekontrolovan\u00fdch ztr\u00e1t plynu.<\/li>\n\n\n\n<li><strong>Stabilizace tlaku<\/strong> k eliminaci p\u0159echodn\u00fdch jev\u016f<\/li>\n\n\n\n<li><strong>\u0158\u00edzen\u00e9 rozru\u0161en\u00ed<\/strong> k zaji\u0161t\u011bn\u00ed rovnom\u011brn\u00e9ho rozlo\u017een\u00ed CO\u2082<\/li>\n\n\n\n<li><strong>Sou\u010dasn\u00e9 m\u011b\u0159en\u00ed tlaku a teploty<\/strong><\/li>\n\n\n\n<li><strong>Okam\u017eit\u00fd v\u00fdpo\u010det objemu plynu<\/strong> pou\u017eit\u00ed vlo\u017een\u00fdch tabulek sycen\u00ed<\/li>\n<\/ul>\n\n\n\n<p>Tento postup zaji\u0161\u0165uje, \u017ee ka\u017ed\u00fd test odr\u00e1\u017e\u00ed skute\u010dn\u00fd stav sycen\u00ed n\u00e1poje, nikoli techniku obsluhy nebo prom\u011bnlivost prost\u0159ed\u00ed.<\/p>\n\n\n\n<h2 class=\"wp-block-heading\">Automatizovan\u00e9 testov\u00e1n\u00ed karbonizace pomoc\u00ed CLRT-01<\/h2>\n\n\n\n<p>Na str\u00e1nk\u00e1ch <strong>CLRT-01 Tester karbonizace<\/strong> od spole\u010dnosti Cell Instruments zvy\u0161uje <a href=\"https:\/\/store.astm.org\/f1115-16r23.html?_gl=1*1e32tpu*_gcl_aw*R0NMLjE3Njg3ODk3MzcuQ2owS0NRaUFwckxMQmhDTUFSSXNBRURoZFBmZnpaMHVBMGMtdjB4RWdqR0hGSWVCaVZjeTJBM3RfRHV0ajduOVh3QlJuQUVlbGdZOU00TWFBcWlSRUFMd193Y0I.*_gcl_au*MTkwOTY2MzAwNC4xNzY1Nzc5ODUz\" target=\"_blank\" rel=\"noreferrer noopener nofollow\">ASTM F1115<\/a>-zalo\u017een\u00e9 na testov\u00e1n\u00ed prost\u0159ednictv\u00edm pln\u011b automatizovan\u00e9ho pracovn\u00edho postupu odoln\u00e9ho proti chyb\u00e1m. Syst\u00e9m integruje mechanick\u00e9 \u0159\u00edzen\u00ed, digit\u00e1ln\u00ed sn\u00edm\u00e1n\u00ed a inteligentn\u00ed v\u00fdpo\u010det do jedn\u00e9 kompaktn\u00ed platformy.<\/p>\n\n\n\n<p><strong>Mezi hlavn\u00ed v\u00fdhody automatizace pat\u0159\u00ed:<\/strong><\/p>\n\n\n\n<ul class=\"wp-block-list\">\n<li><strong>P\u0159esn\u011b \u0159\u00edzen\u00e9 prop\u00edchnut\u00ed v\u00ed\u010dka<\/strong> se stabiln\u00ed rychlost\u00ed pr\u016fniku<\/li>\n\n\n\n<li><strong>Servopohonem poh\u00e1n\u011bn\u00e9 m\u00edch\u00e1n\u00ed<\/strong> pro konzistentn\u00ed rovnov\u00e1hu CO\u2082<\/li>\n\n\n\n<li><strong>Sn\u00edm\u00e1n\u00ed tlaku a teploty v re\u00e1ln\u00e9m \u010dase<\/strong> pomoc\u00ed senzor\u016f s vysok\u00fdm rozli\u0161en\u00edm<\/li>\n\n\n\n<li><strong>Okam\u017eit\u00e9 zobrazen\u00ed hlasitosti CO\u2082<\/strong>, \u010d\u00edm\u017e se eliminuje ru\u010dn\u00ed vyhled\u00e1v\u00e1n\u00ed a v\u00fdpo\u010det<\/li>\n<\/ul>\n\n\n\n<p>Tato konstrukce v\u00fdrazn\u011b zkracuje dobu testov\u00e1n\u00ed a z\u00e1rove\u0148 zlep\u0161uje opakovatelnost, d\u00edky \u010demu\u017e je karboniza\u010dn\u00ed tester vhodn\u00fd jak pro laboratorn\u00ed anal\u00fdzu, tak pro kontrolu kvality na v\u00fdrobn\u00ed lince.<\/p>\n\n\n\n<h2 class=\"wp-block-heading\">Pro\u010d je d\u016fle\u017eit\u00e9 p\u0159esn\u00e9 testov\u00e1n\u00ed karbonizace<\/h2>\n\n\n\n<p>Ztr\u00e1ta sycen\u00ed p\u0159\u00edmo ovliv\u0148uje kvalitu n\u00e1poje. I mal\u00e1 odchylka od c\u00edlov\u00e9 hladiny CO\u2082 m\u016f\u017ee zm\u011bnit vn\u00edm\u00e1n\u00ed chuti a sn\u00ed\u017eit p\u0159ijatelnost pro spot\u0159ebitele. Spolehliv\u00e9 testov\u00e1n\u00ed sycen\u00ed umo\u017e\u0148uje v\u00fdrobc\u016fm:<\/p>\n\n\n\n<ul class=\"wp-block-list\">\n<li>Zachov\u00e1n\u00ed konzistentn\u00ed chuti a pocitu v \u00fastech.<\/li>\n\n\n\n<li>Ov\u011b\u0159en\u00ed neporu\u0161enosti uz\u00e1v\u011bru a obalu<\/li>\n\n\n\n<li>P\u0159edpov\u011b\u010f trvanlivosti na z\u00e1klad\u011b trend\u016f udr\u017eov\u00e1n\u00ed karbonizace<\/li>\n\n\n\n<li>Spln\u011bn\u00ed intern\u00edch standard\u016f kvality a extern\u00edch regula\u010dn\u00edch po\u017eadavk\u016f<\/li>\n<\/ul>\n\n\n\n<p>Zaveden\u00edm vysoce p\u0159esn\u00e9ho testeru sycen\u00ed z\u00edskaj\u00ed t\u00fdmy kontroly kvality u\u017eite\u010dn\u00e1 data, kter\u00e1 podpo\u0159\u00ed ka\u017edodenn\u00ed rozhodov\u00e1n\u00ed o v\u00fdrob\u011b i dlouhodob\u00fd v\u00fdvoj obal\u016f.<\/p>","protected":false},"featured_media":410,"parent":0,"template":"","meta":{"_acf_changed":false},"product-category":[23,22],"class_list":["post-411","product","type-product","status-publish","has-post-thumbnail","hentry","product-category-astm-f1115","product-category-carbonation-test"],"acf":[],"_links":{"self":[{"href":"https:\/\/www.bottletest.com\/cs\/wp-json\/wp\/v2\/product\/411","targetHints":{"allow":["GET"]}}],"collection":[{"href":"https:\/\/www.bottletest.com\/cs\/wp-json\/wp\/v2\/product"}],"about":[{"href":"https:\/\/www.bottletest.com\/cs\/wp-json\/wp\/v2\/types\/product"}],"wp:featuredmedia":[{"embeddable":true,"href":"https:\/\/www.bottletest.com\/cs\/wp-json\/wp\/v2\/media\/410"}],"wp:attachment":[{"href":"https:\/\/www.bottletest.com\/cs\/wp-json\/wp\/v2\/media?parent=411"}],"wp:term":[{"taxonomy":"product-category","embeddable":true,"href":"https:\/\/www.bottletest.com\/cs\/wp-json\/wp\/v2\/product-category?post=411"}],"curies":[{"name":"wp","href":"https:\/\/api.w.org\/{rel}","templated":true}]}}