{"id":292,"date":"2026-02-04T07:35:39","date_gmt":"2026-02-04T07:35:39","guid":{"rendered":"https:\/\/www.bottletest.com\/?post_type=product&#038;p=292"},"modified":"2026-02-05T08:13:37","modified_gmt":"2026-02-05T08:13:37","slug":"top-load-tester","status":"publish","type":"product","link":"https:\/\/www.bottletest.com\/cs\/product\/top-load-tester\/","title":{"rendered":"TLT-01 Tester horn\u00edho zat\u00ed\u017een\u00ed"},"content":{"rendered":"<h2 class=\"wp-block-heading\">Zkou\u0161ka svisl\u00e9ho zat\u00ed\u017een\u00ed lahve: \u00da\u010del a praktick\u00fd v\u00fdznam<\/h2>\n\n\n\n<p>Na str\u00e1nk\u00e1ch <strong>vertik\u00e1ln\u00ed zat\u011b\u017eovac\u00ed zkou\u0161ka pro l\u00e1hev<\/strong> se zam\u011b\u0159uje na chov\u00e1n\u00ed n\u00e1doby p\u0159i p\u016fsoben\u00ed tlakov\u00e9 s\u00edly pod\u00e9l jej\u00ed st\u0159edov\u00e9 osy. Tato podm\u00ednka zat\u00ed\u017een\u00ed simuluje re\u00e1ln\u00e9 nam\u00e1h\u00e1n\u00ed, jako je stohov\u00e1n\u00ed palet, skladov\u00e1n\u00ed ve skladu a tlak na horn\u00ed \u010d\u00e1st kontejneru b\u011bhem p\u0159epravy.<\/p>\n\n\n\n<p>Kl\u00ed\u010dov\u00e9 ukazatele v\u00fdkonu z\u00edskan\u00e9 z testeru nejvy\u0161\u0161\u00edho zat\u00ed\u017een\u00ed zahrnuj\u00ed:<\/p>\n\n\n\n<ul class=\"wp-block-list\">\n<li><strong>Maxim\u00e1ln\u00ed svisl\u00e1 nosnost<\/strong> p\u0159ed deformac\u00ed nebo poruchou<\/li>\n\n\n\n<li><strong>Zat\u00ed\u017een\u00ed v\u00fdnosu<\/strong>, kde se za\u010d\u00edn\u00e1 sni\u017eovat struktur\u00e1ln\u00ed tuhost<\/li>\n\n\n\n<li><strong>Deforma\u010dn\u00ed chov\u00e1n\u00ed<\/strong> p\u0159i \u0159\u00edzen\u00e9 kompresi<\/li>\n\n\n\n<li><strong>Zp\u016fsob selh\u00e1n\u00ed<\/strong>, jako je vzp\u011br nebo k\u0159ehk\u00fd lom.<\/li>\n<\/ul>\n\n\n\n<p>U sklen\u011bn\u00fdch n\u00e1dob se p\u0159i zkou\u0161ce klade d\u016fraz na odolnost proti n\u00e1hl\u00e9mu rozbit\u00ed. U plastov\u00fdch lahv\u00ed zkou\u0161ka odhaluje tv\u00e1rnost, tuhost a odolnost konstrukce.<\/p>\n\n\n\n<h2 class=\"wp-block-heading\">Zkou\u0161ka horn\u00edho zat\u00ed\u017een\u00ed lahv\u00ed podle normy ASTM D2659<\/h2>\n\n\n\n<p>Na str\u00e1nk\u00e1ch <strong>zkou\u0161ka horn\u00edho zat\u00ed\u017een\u00ed lahv\u00ed<\/strong> z termoplast\u016f se \u0159\u00edd\u00ed z\u00e1sadami definovan\u00fdmi v \u010dl\u00e1nku <strong>ASTM D2659<\/strong>, kter\u00e1 se zab\u00fdv\u00e1 vlastnostmi vyfukovan\u00fdch plastov\u00fdch n\u00e1dob p\u0159i drcen\u00ed sloup\u016f.<\/p>\n\n\n\n<p>Norma ASTM D2659 stanovuje zkou\u0161en\u00ed p\u0159i <strong>konstantn\u00ed m\u00edra pr\u016fhybu v tlaku<\/strong>, \u010d\u00edm\u017e se zajist\u00ed, \u017ee v\u00fdsledky z\u016fstanou v r\u016fzn\u00fdch laborato\u0159\u00edch srovnateln\u00e9. Metoda se zam\u011b\u0159uje na:<\/p>\n\n\n\n<ul class=\"wp-block-list\">\n<li>Mez kluzu p\u0159i drcen\u00ed<\/li>\n\n\n\n<li>Pr\u016fhyb p\u0159i v\u00fdt\u011b\u017enosti<\/li>\n\n\n\n<li>Drtiv\u00e9 zat\u00ed\u017een\u00ed p\u0159i poru\u0161e<\/li>\n\n\n\n<li>Zjevn\u00e1 tuhost v tlaku<\/li>\n<\/ul>\n\n\n\n<p>Zkou\u0161e\u010dka horn\u00edho zat\u00ed\u017een\u00ed mus\u00ed udr\u017eovat v souladu s p\u0159edpisy <strong>stabiln\u00ed a kontrolovateln\u00e1 testovac\u00ed rychlost<\/strong>, obvykle mezi 12,5 mm\/min a 50 mm\/min. Spr\u00e1vn\u00e9 vyrovn\u00e1n\u00ed vzorku a odvzdu\u0161n\u011bn\u00ed hraj\u00ed rozhoduj\u00edc\u00ed roli pro p\u0159esnost a bezpe\u010dnost zkou\u0161ky.<\/p>\n\n\n\n<p>Podle normy ASTM D2659 mohou obalov\u00ed in\u017een\u00fd\u0159i pou\u017e\u00edt \u00fadaje o horn\u00edm zat\u00ed\u017een\u00ed pro. <strong>kontrola kvality, p\u0159ej\u00edmac\u00ed zkou\u0161ky a porovn\u00e1n\u00ed v\u00fdzkumu a v\u00fdvoje.<\/strong>, zejm\u00e9na p\u0159i posuzov\u00e1n\u00ed zm\u011bn konstrukce nebo z\u00e1m\u011bn materi\u00e1l\u016f.<\/p>\n\n\n\n<h2 class=\"wp-block-heading\">Zkou\u0161ka vertik\u00e1ln\u00edho zat\u00ed\u017een\u00ed lahv\u00ed podle normy ISO 8113<\/h2>\n\n\n\n<p>Pro sklen\u011bn\u00e9 obaly, <strong>ISO 8113<\/strong> definuje normalizovanou metodu m\u011b\u0159en\u00ed odolnosti proti svisl\u00e9mu zat\u00ed\u017een\u00ed. Tato mezin\u00e1rodn\u00ed norma zaji\u0161\u0165uje jednotnost p\u0159i hodnocen\u00ed lahv\u00ed pou\u017e\u00edvan\u00fdch v n\u00e1poj\u00edch, potravin\u00e1ch a farmaceutick\u00fdch v\u00fdrobc\u00edch.<\/p>\n\n\n\n<p>Norma ISO 8113 zd\u016fraz\u0148uje:<\/p>\n\n\n\n<ul class=\"wp-block-list\">\n<li>Teplotn\u00ed rovnov\u00e1ha mezi vzorkem a prost\u0159ed\u00edm<\/li>\n\n\n\n<li>P\u0159esn\u00e9 axi\u00e1ln\u00ed vyrovn\u00e1n\u00ed z\u00e1sobn\u00edku<\/li>\n\n\n\n<li>Pou\u017eit\u00ed ochrann\u00fdch podlo\u017eek nebo uz\u00e1v\u011br\u016f pro simulaci skute\u010dn\u00fdch podm\u00ednek ut\u011bsn\u011bn\u00ed<\/li>\n\n\n\n<li>\u0158\u00edzen\u00e9 p\u016fsoben\u00ed s\u00edly a\u017e do ur\u010dit\u00e9ho zat\u00ed\u017een\u00ed nebo zlomen\u00ed<\/li>\n<\/ul>\n\n\n\n<p>Profesion\u00e1ln\u00ed tester horn\u00edho zat\u00ed\u017een\u00ed navr\u017een\u00fd pro ISO 8113 podporuje jak <strong>\u00fasp\u011b\u0161n\u011b absolvovat testy<\/strong> (na\u010dten\u00ed na p\u0159edem definovanou hodnotu) a <strong>progresivn\u00ed testy<\/strong> (zat\u00ed\u017een\u00ed a\u017e do selh\u00e1n\u00ed). Tyto v\u00fdsledky pom\u00e1haj\u00ed v\u00fdrobc\u016fm potvrdit, \u017ee sklen\u011bn\u00e9 n\u00e1doby spl\u0148uj\u00ed intern\u00ed specifikace a po\u017eadavky z\u00e1kazn\u00edk\u016f.<\/p>\n\n\n\n<h2 class=\"wp-block-heading\">Jak funguje tester horn\u00edho zat\u00ed\u017een\u00ed<\/h2>\n\n\n\n<p>Zkou\u0161e\u010dka horn\u00edho zat\u00ed\u017een\u00ed aplikuje <strong>\u0159\u00edzen\u00e1 svisl\u00e1 tlakov\u00e1 s\u00edla<\/strong> p\u0159es p\u0159esn\u00e9 desky p\u0159i kontinu\u00e1ln\u00edm m\u011b\u0159en\u00ed s\u00edly a posunu. Syst\u00e9m zaznamen\u00e1v\u00e1 k\u0159ivky zat\u00ed\u017een\u00ed a posunut\u00ed v re\u00e1ln\u00e9m \u010dase, co\u017e u\u017eivatel\u016fm umo\u017e\u0148uje sledovat odezvu konstrukce v pr\u016fb\u011bhu zkou\u0161ky.<\/p>\n\n\n\n<p>Modern\u00ed syst\u00e9my Cell Instruments integruj\u00ed:<\/p>\n\n\n\n<ul class=\"wp-block-list\">\n<li>Vysoce p\u0159esn\u00e9 zat\u011b\u017eovac\u00ed bu\u0148ky<\/li>\n\n\n\n<li>P\u0159esn\u00e9 m\u011b\u0159en\u00ed posunu<\/li>\n\n\n\n<li>\u0158\u00edzen\u00ed pomoc\u00ed PLC s intuitivn\u00edm HMI<\/li>\n\n\n\n<li>Digit\u00e1ln\u00ed datov\u00fd v\u00fdstup pro sledovatelnost<\/li>\n<\/ul>\n\n\n\n<p>Tato konfigurace zaji\u0161\u0165uje, \u017ee ka\u017ed\u00e1 zkou\u0161ka horn\u00edho zat\u00ed\u017een\u00ed lahv\u00ed z\u016fst\u00e1v\u00e1 <strong>opakovateln\u00e9, sledovateln\u00e9 a vyhovuj\u00edc\u00ed.<\/strong> s normami ASTM a ISO.<\/p>\n\n\n\n<h2 class=\"wp-block-heading\">Pro\u010d \u0161pi\u010dkov\u00e9 z\u00e1t\u011b\u017eov\u00e9 testov\u00e1n\u00ed buduje d\u016fv\u011bru a jistotu<\/h2>\n\n\n\n<p>Spolehliv\u00e9 \u00fadaje o vertik\u00e1ln\u00edm zat\u00ed\u017een\u00ed podporuj\u00ed lep\u0161\u00ed rozhodov\u00e1n\u00ed v cel\u00e9m \u017eivotn\u00edm cyklu balen\u00ed. Ov\u011b\u0159en\u00fd tester horn\u00edho zat\u00ed\u017een\u00ed pom\u00e1h\u00e1:<\/p>\n\n\n\n<ul class=\"wp-block-list\">\n<li>Zabr\u00e1n\u011bn\u00ed zhroucen\u00ed kontejneru b\u011bhem logistiky<\/li>\n\n\n\n<li>Sn\u00ed\u017een\u00ed spot\u0159eby materi\u00e1lu bez ohro\u017een\u00ed bezpe\u010dnosti<\/li>\n\n\n\n<li>Prok\u00e1z\u00e1n\u00ed shody p\u0159i auditech a hodnocen\u00edch z\u00e1kazn\u00edk\u016f.<\/li>\n\n\n\n<li>Zlep\u0161en\u00ed konzistence v\u00fdrobn\u00edch d\u00e1vek<\/li>\n<\/ul>\n\n\n\n<p>Slad\u011bn\u00edm testovac\u00edch postup\u016f s <a href=\"https:\/\/store.astm.org\/d2659-16r23.html?_gl=1*a5mpmp*_gcl_aw*R0NMLjE3Njg3ODk3MzcuQ2owS0NRaUFwckxMQmhDTUFSSXNBRURoZFBmZnpaMHVBMGMtdjB4RWdqR0hGSWVCaVZjeTJBM3RfRHV0ajduOVh3QlJuQUVlbGdZOU00TWFBcWlSRUFMd193Y0I.*_gcl_au*MTkwOTY2MzAwNC4xNzY1Nzc5ODUz\" target=\"_blank\" rel=\"noreferrer noopener nofollow\">ASTM D2659<\/a> a <a href=\"https:\/\/www.iso.org\/standard\/35617.html\" target=\"_blank\" rel=\"noreferrer noopener nofollow\">ISO 8113<\/a>, v\u00fdrobci posiluj\u00ed oba <strong>technick\u00e1 d\u016fv\u011bryhodnost a d\u016fv\u011bra z\u00e1kazn\u00edk\u016f<\/strong>.<\/p>","protected":false},"featured_media":303,"parent":0,"template":"","meta":{"_acf_changed":false},"product-category":[26,27,14],"class_list":["post-292","product","type-product","status-publish","has-post-thumbnail","hentry","product-category-astm-d2659","product-category-iso-8113","product-category-top-load-test"],"acf":[],"_links":{"self":[{"href":"https:\/\/www.bottletest.com\/cs\/wp-json\/wp\/v2\/product\/292","targetHints":{"allow":["GET"]}}],"collection":[{"href":"https:\/\/www.bottletest.com\/cs\/wp-json\/wp\/v2\/product"}],"about":[{"href":"https:\/\/www.bottletest.com\/cs\/wp-json\/wp\/v2\/types\/product"}],"wp:featuredmedia":[{"embeddable":true,"href":"https:\/\/www.bottletest.com\/cs\/wp-json\/wp\/v2\/media\/303"}],"wp:attachment":[{"href":"https:\/\/www.bottletest.com\/cs\/wp-json\/wp\/v2\/media?parent=292"}],"wp:term":[{"taxonomy":"product-category","embeddable":true,"href":"https:\/\/www.bottletest.com\/cs\/wp-json\/wp\/v2\/product-category?post=292"}],"curies":[{"name":"wp","href":"https:\/\/api.w.org\/{rel}","templated":true}]}}